{"id":127,"date":"2024-12-27T23:21:56","date_gmt":"2024-12-27T23:21:56","guid":{"rendered":"https:\/\/sefanakliyatbeylikduzu.com.tr\/?page_id=127"},"modified":"2024-12-27T23:29:29","modified_gmt":"2024-12-27T23:29:29","slug":"blog","status":"publish","type":"page","link":"https:\/\/sefanakliyatbeylikduzu.com.tr\/index.php\/blog\/","title":{"rendered":"Blog"},"content":{"rendered":"\n  <div id=\"page-header-1992141588\" class=\"page-header-wrapper\">\n  <div class=\"page-title dark featured-title\">\n\n        <div class=\"page-title-bg\">\n      <div class=\"title-bg fill bg-fill\"\n        data-parallax-container=\".page-title\"\n        data-parallax-background\n        data-parallax=\"-\">\n      <\/div>\n      <div class=\"title-overlay fill\"><\/div>\n    <\/div>\n    \n    <div class=\"page-title-inner container align-center text-center flex-row-col medium-flex-wrap\" >\n              <div class=\"title-wrapper flex-col\">\n          <h1 class=\"entry-title mb-0\">\n            Blog          <\/h1>\n        <\/div>\n                    <div class=\"title-content flex-col\">\n        <div class=\"title-breadcrumbs pb-half pt-half\"><\/div>      <\/div>\n    <\/div>\n\n     \n<style>\n#page-header-1992141588 .title-bg {\n  background-image: url(https:\/\/sefanakliyatbeylikduzu.com.tr\/wp-content\/uploads\/2024\/12\/Gurpinar-Nakliye-Hizmetleri.jpg);\n}\n#page-header-1992141588 .title-overlay {\n  background-color: rgba(3, 89, 164, 0.75);\n}\n<\/style>\n  <\/div>\n    <\/div>\n  \n\n\n\t<section class=\"section\" id=\"section_1791361188\">\n\t\t<div class=\"section-bg fill\" >\n\t\t\t\t\t\t\t\t\t\n\t\t\t\n\n\t\t<\/div>\n\n\t\t\n\n\t\t<div class=\"section-content relative\">\n\t\t\t\n\n\n  \n    <div class=\"row large-columns-3 medium-columns-1 small-columns-1 has-shadow row-box-shadow-1\" >\n  <div class=\"col post-item\" data-animate=\"fadeInUp\">\n\t\t\t<div class=\"col-inner\">\n\t\t\t\t<div class=\"box box-normal box-text-bottom box-blog-post has-hover\">\n            \t\t\t\t\t<div class=\"box-image\" >\n  \t\t\t\t\t\t<div class=\"image-cover\" style=\"padding-top:56.25%;\">\n\t\t\t\t\t\t\t<a href=\"https:\/\/sefanakliyatbeylikduzu.com.tr\/index.php\/2024\/12\/27\/kavakli-nakliye-hizmetleri\/\" class=\"plain\" aria-label=\"Kavakl\u0131 Nakliye Hizmetleri\">\n\t\t\t\t\t\t\t\t<img loading=\"lazy\" decoding=\"async\" width=\"223\" height=\"300\" src=\"https:\/\/sefanakliyatbeylikduzu.com.tr\/wp-content\/uploads\/2024\/12\/Kavakli-Nakliye-Hizmetleri-223x300.jpg\" class=\"attachment-medium size-medium wp-post-image\" alt=\"Kavakl\u0131 Nakliye Hizmetleri\" srcset=\"https:\/\/sefanakliyatbeylikduzu.com.tr\/wp-content\/uploads\/2024\/12\/Kavakli-Nakliye-Hizmetleri-223x300.jpg 223w, https:\/\/sefanakliyatbeylikduzu.com.tr\/wp-content\/uploads\/2024\/12\/Kavakli-Nakliye-Hizmetleri.jpg 714w\" sizes=\"auto, (max-width: 223px) 100vw, 223px\" \/>\t\t\t\t\t\t\t<\/a>\n  \t\t\t\t\t\t\t  \t\t\t\t\t\t\t  \t\t\t\t\t\t<\/div>\n  \t\t\t\t\t\t  \t\t\t\t\t<\/div>\n          \t\t\t\t\t<div class=\"box-text text-center\" >\n\t\t\t\t\t<div class=\"box-text-inner blog-post-inner\">\n\n\t\t\t\t\t\n\t\t\t\t\t\t\t\t\t\t<h5 class=\"post-title is-large \">\n\t\t\t\t\t\t<a href=\"https:\/\/sefanakliyatbeylikduzu.com.tr\/index.php\/2024\/12\/27\/kavakli-nakliye-hizmetleri\/\" class=\"plain\">Kavakl\u0131 Nakliye Hizmetleri<\/a>\n\t\t\t\t\t<\/h5>\n\t\t\t\t\t\t\t\t\t\t<div class=\"is-divider\"><\/div>\n\t\t\t\t\t\t\t\t\t\t<p class=\"from_the_blog_excerpt \">\n\t\t\t\t\t\tKavakl\u0131 Nakliyat Hizmetleri: G\u00fcvenilir ve H\u0131zl\u0131 Ta\u015f\u0131mac\u0131l\u0131k Kavakl\u0131&#8217;da ta\u015f\u0131nma s\u00fcrecinizi g\u00fcvenilir ve [...]\t\t\t\t\t<\/p>\n\t\t\t\t\t                    \n\t\t\t\t\t\n\t\t\t\t\t\n\t\t\t\t\t<\/div>\n\t\t\t\t\t<\/div>\n\t\t\t\t\t\t\t\t\t\t\t\t\t\t\t\t<div class=\"badge absolute top post-date badge-square\">\n\t\t\t\t\t\t\t<div class=\"badge-inner\">\n\t\t\t\t\t\t\t\t<span class=\"post-date-day\">27<\/span><br>\n\t\t\t\t\t\t\t\t<span class=\"post-date-month is-xsmall\">Ara<\/span>\n\t\t\t\t\t\t\t<\/div>\n\t\t\t\t\t\t<\/div>\n\t\t\t\t\t\t\t\t\t<\/div>\n\t\t\t<\/div>\n\t\t<\/div><div class=\"col post-item\" data-animate=\"fadeInUp\">\n\t\t\t<div class=\"col-inner\">\n\t\t\t\t<div class=\"box box-normal box-text-bottom box-blog-post has-hover\">\n            \t\t\t\t\t<div class=\"box-image\" >\n  \t\t\t\t\t\t<div class=\"image-cover\" style=\"padding-top:56.25%;\">\n\t\t\t\t\t\t\t<a href=\"https:\/\/sefanakliyatbeylikduzu.com.tr\/index.php\/2024\/12\/27\/avcilar-nakliye-hizmetleri\/\" class=\"plain\" aria-label=\"Avc\u0131lar Nakliye Hizmetleri\">\n\t\t\t\t\t\t\t\t<img loading=\"lazy\" decoding=\"async\" width=\"169\" height=\"300\" src=\"https:\/\/sefanakliyatbeylikduzu.com.tr\/wp-content\/uploads\/2024\/12\/Avcilar-Nakliye-Hizmetleri-169x300.jpg\" class=\"attachment-medium size-medium wp-post-image\" alt=\"Avc\u0131lar Nakliye Hizmetleri\" srcset=\"https:\/\/sefanakliyatbeylikduzu.com.tr\/wp-content\/uploads\/2024\/12\/Avcilar-Nakliye-Hizmetleri-169x300.jpg 169w, https:\/\/sefanakliyatbeylikduzu.com.tr\/wp-content\/uploads\/2024\/12\/Avcilar-Nakliye-Hizmetleri-577x1024.jpg 577w, https:\/\/sefanakliyatbeylikduzu.com.tr\/wp-content\/uploads\/2024\/12\/Avcilar-Nakliye-Hizmetleri.jpg 640w\" sizes=\"auto, (max-width: 169px) 100vw, 169px\" \/>\t\t\t\t\t\t\t<\/a>\n  \t\t\t\t\t\t\t  \t\t\t\t\t\t\t  \t\t\t\t\t\t<\/div>\n  \t\t\t\t\t\t  \t\t\t\t\t<\/div>\n          \t\t\t\t\t<div class=\"box-text text-center\" >\n\t\t\t\t\t<div class=\"box-text-inner blog-post-inner\">\n\n\t\t\t\t\t\n\t\t\t\t\t\t\t\t\t\t<h5 class=\"post-title is-large \">\n\t\t\t\t\t\t<a href=\"https:\/\/sefanakliyatbeylikduzu.com.tr\/index.php\/2024\/12\/27\/avcilar-nakliye-hizmetleri\/\" class=\"plain\">Avc\u0131lar Nakliye Hizmetleri<\/a>\n\t\t\t\t\t<\/h5>\n\t\t\t\t\t\t\t\t\t\t<div class=\"is-divider\"><\/div>\n\t\t\t\t\t\t\t\t\t\t<p class=\"from_the_blog_excerpt \">\n\t\t\t\t\t\tAvc\u0131lar Nakliyat Hizmetleri: Profesyonel ve G\u00fcvenilir Ta\u015f\u0131mac\u0131l\u0131k Avc\u0131lar&#8217;da ta\u015f\u0131nma s\u00fcrecinizi g\u00fcvenilir ve [...]\t\t\t\t\t<\/p>\n\t\t\t\t\t                    \n\t\t\t\t\t\n\t\t\t\t\t\n\t\t\t\t\t<\/div>\n\t\t\t\t\t<\/div>\n\t\t\t\t\t\t\t\t\t\t\t\t\t\t\t\t<div class=\"badge absolute top post-date badge-square\">\n\t\t\t\t\t\t\t<div class=\"badge-inner\">\n\t\t\t\t\t\t\t\t<span class=\"post-date-day\">27<\/span><br>\n\t\t\t\t\t\t\t\t<span class=\"post-date-month is-xsmall\">Ara<\/span>\n\t\t\t\t\t\t\t<\/div>\n\t\t\t\t\t\t<\/div>\n\t\t\t\t\t\t\t\t\t<\/div>\n\t\t\t<\/div>\n\t\t<\/div><div class=\"col post-item\" data-animate=\"fadeInUp\">\n\t\t\t<div class=\"col-inner\">\n\t\t\t\t<div class=\"box box-normal box-text-bottom box-blog-post has-hover\">\n            \t\t\t\t\t<div class=\"box-image\" >\n  \t\t\t\t\t\t<div class=\"image-cover\" style=\"padding-top:56.25%;\">\n\t\t\t\t\t\t\t<a href=\"https:\/\/sefanakliyatbeylikduzu.com.tr\/index.php\/2024\/12\/27\/esenyurt-nakliyat-hizmetleri\/\" class=\"plain\" aria-label=\"Esenyurt Nakliyat Hizmetleri\">\n\t\t\t\t\t\t\t\t<img loading=\"lazy\" decoding=\"async\" width=\"300\" height=\"230\" src=\"https:\/\/sefanakliyatbeylikduzu.com.tr\/wp-content\/uploads\/2024\/12\/Esenyurt-Nakliye-Hizmetleri-300x230.jpg\" class=\"attachment-medium size-medium wp-post-image\" alt=\"Esenyurt Nakliye Hizmetleri\" srcset=\"https:\/\/sefanakliyatbeylikduzu.com.tr\/wp-content\/uploads\/2024\/12\/Esenyurt-Nakliye-Hizmetleri-300x230.jpg 300w, https:\/\/sefanakliyatbeylikduzu.com.tr\/wp-content\/uploads\/2024\/12\/Esenyurt-Nakliye-Hizmetleri.jpg 720w\" sizes=\"auto, (max-width: 300px) 100vw, 300px\" \/>\t\t\t\t\t\t\t<\/a>\n  \t\t\t\t\t\t\t  \t\t\t\t\t\t\t  \t\t\t\t\t\t<\/div>\n  \t\t\t\t\t\t  \t\t\t\t\t<\/div>\n          \t\t\t\t\t<div class=\"box-text text-center\" >\n\t\t\t\t\t<div class=\"box-text-inner blog-post-inner\">\n\n\t\t\t\t\t\n\t\t\t\t\t\t\t\t\t\t<h5 class=\"post-title is-large \">\n\t\t\t\t\t\t<a href=\"https:\/\/sefanakliyatbeylikduzu.com.tr\/index.php\/2024\/12\/27\/esenyurt-nakliyat-hizmetleri\/\" class=\"plain\">Esenyurt Nakliyat Hizmetleri<\/a>\n\t\t\t\t\t<\/h5>\n\t\t\t\t\t\t\t\t\t\t<div class=\"is-divider\"><\/div>\n\t\t\t\t\t\t\t\t\t\t<p class=\"from_the_blog_excerpt \">\n\t\t\t\t\t\tEsenyurt Nakliyat Hizmetleri: G\u00fcvenilir ve H\u0131zl\u0131 Ta\u015f\u0131mac\u0131l\u0131k Esenyurt&#8217;ta ta\u015f\u0131nma s\u00fcrecinizi g\u00fcvenilir ve [...]\t\t\t\t\t<\/p>\n\t\t\t\t\t                    \n\t\t\t\t\t\n\t\t\t\t\t\n\t\t\t\t\t<\/div>\n\t\t\t\t\t<\/div>\n\t\t\t\t\t\t\t\t\t\t\t\t\t\t\t\t<div class=\"badge absolute top post-date badge-square\">\n\t\t\t\t\t\t\t<div class=\"badge-inner\">\n\t\t\t\t\t\t\t\t<span class=\"post-date-day\">27<\/span><br>\n\t\t\t\t\t\t\t\t<span class=\"post-date-month is-xsmall\">Ara<\/span>\n\t\t\t\t\t\t\t<\/div>\n\t\t\t\t\t\t<\/div>\n\t\t\t\t\t\t\t\t\t<\/div>\n\t\t\t<\/div>\n\t\t<\/div><div class=\"col post-item\" data-animate=\"fadeInUp\">\n\t\t\t<div class=\"col-inner\">\n\t\t\t\t<div class=\"box box-normal box-text-bottom box-blog-post has-hover\">\n            \t\t\t\t\t<div class=\"box-image\" >\n  \t\t\t\t\t\t<div class=\"image-cover\" style=\"padding-top:56.25%;\">\n\t\t\t\t\t\t\t<a href=\"https:\/\/sefanakliyatbeylikduzu.com.tr\/index.php\/2024\/12\/27\/gurpinar-nakliyat-hizmetleri\/\" class=\"plain\" aria-label=\"G\u00fcrp\u0131nar Nakliyat Hizmetleri\">\n\t\t\t\t\t\t\t\t<img loading=\"lazy\" decoding=\"async\" width=\"300\" height=\"230\" src=\"https:\/\/sefanakliyatbeylikduzu.com.tr\/wp-content\/uploads\/2024\/12\/Gurpinar-Nakliye-Hizmetleri-300x230.jpg\" class=\"attachment-medium size-medium wp-post-image\" alt=\"G\u00fcrp\u0131nar Nakliye Hizmetleri\" srcset=\"https:\/\/sefanakliyatbeylikduzu.com.tr\/wp-content\/uploads\/2024\/12\/Gurpinar-Nakliye-Hizmetleri-300x230.jpg 300w, https:\/\/sefanakliyatbeylikduzu.com.tr\/wp-content\/uploads\/2024\/12\/Gurpinar-Nakliye-Hizmetleri.jpg 720w\" sizes=\"auto, (max-width: 300px) 100vw, 300px\" \/>\t\t\t\t\t\t\t<\/a>\n  \t\t\t\t\t\t\t  \t\t\t\t\t\t\t  \t\t\t\t\t\t<\/div>\n  \t\t\t\t\t\t  \t\t\t\t\t<\/div>\n          \t\t\t\t\t<div class=\"box-text text-center\" >\n\t\t\t\t\t<div class=\"box-text-inner blog-post-inner\">\n\n\t\t\t\t\t\n\t\t\t\t\t\t\t\t\t\t<h5 class=\"post-title is-large \">\n\t\t\t\t\t\t<a href=\"https:\/\/sefanakliyatbeylikduzu.com.tr\/index.php\/2024\/12\/27\/gurpinar-nakliyat-hizmetleri\/\" class=\"plain\">G\u00fcrp\u0131nar Nakliyat Hizmetleri<\/a>\n\t\t\t\t\t<\/h5>\n\t\t\t\t\t\t\t\t\t\t<div class=\"is-divider\"><\/div>\n\t\t\t\t\t\t\t\t\t\t<p class=\"from_the_blog_excerpt \">\n\t\t\t\t\t\tG\u00fcrp\u0131nar Nakliyat Hizmetleri: G\u00fcvenilir ve H\u0131zl\u0131 Ta\u015f\u0131mac\u0131l\u0131k G\u00fcrp\u0131nar&#8217;da ta\u015f\u0131nma s\u00fcrecinizi g\u00fcvenilir ve [...]\t\t\t\t\t<\/p>\n\t\t\t\t\t                    \n\t\t\t\t\t\n\t\t\t\t\t\n\t\t\t\t\t<\/div>\n\t\t\t\t\t<\/div>\n\t\t\t\t\t\t\t\t\t\t\t\t\t\t\t\t<div class=\"badge absolute top post-date badge-square\">\n\t\t\t\t\t\t\t<div class=\"badge-inner\">\n\t\t\t\t\t\t\t\t<span class=\"post-date-day\">27<\/span><br>\n\t\t\t\t\t\t\t\t<span class=\"post-date-month is-xsmall\">Ara<\/span>\n\t\t\t\t\t\t\t<\/div>\n\t\t\t\t\t\t<\/div>\n\t\t\t\t\t\t\t\t\t<\/div>\n\t\t\t<\/div>\n\t\t<\/div><div class=\"col post-item\" data-animate=\"fadeInUp\">\n\t\t\t<div class=\"col-inner\">\n\t\t\t\t<div class=\"box box-normal box-text-bottom box-blog-post has-hover\">\n            \t\t\t\t\t<div class=\"box-image\" >\n  \t\t\t\t\t\t<div class=\"image-cover\" style=\"padding-top:56.25%;\">\n\t\t\t\t\t\t\t<a href=\"https:\/\/sefanakliyatbeylikduzu.com.tr\/index.php\/2024\/12\/27\/beylikduzu-nakliyat-hizmetleri\/\" class=\"plain\" aria-label=\"Beylikd\u00fcz\u00fc Nakliyat Hizmetleri\">\n\t\t\t\t\t\t\t\t<img loading=\"lazy\" decoding=\"async\" width=\"225\" height=\"300\" src=\"https:\/\/sefanakliyatbeylikduzu.com.tr\/wp-content\/uploads\/2024\/12\/Nakliye-Hizmetleri-225x300.png\" class=\"attachment-medium size-medium wp-post-image\" alt=\"Nakliye Hizmetleri\" srcset=\"https:\/\/sefanakliyatbeylikduzu.com.tr\/wp-content\/uploads\/2024\/12\/Nakliye-Hizmetleri-225x300.png 225w, https:\/\/sefanakliyatbeylikduzu.com.tr\/wp-content\/uploads\/2024\/12\/Nakliye-Hizmetleri.png 600w\" sizes=\"auto, (max-width: 225px) 100vw, 225px\" \/>\t\t\t\t\t\t\t<\/a>\n  \t\t\t\t\t\t\t  \t\t\t\t\t\t\t  \t\t\t\t\t\t<\/div>\n  \t\t\t\t\t\t  \t\t\t\t\t<\/div>\n          \t\t\t\t\t<div class=\"box-text text-center\" >\n\t\t\t\t\t<div class=\"box-text-inner blog-post-inner\">\n\n\t\t\t\t\t\n\t\t\t\t\t\t\t\t\t\t<h5 class=\"post-title is-large \">\n\t\t\t\t\t\t<a href=\"https:\/\/sefanakliyatbeylikduzu.com.tr\/index.php\/2024\/12\/27\/beylikduzu-nakliyat-hizmetleri\/\" class=\"plain\">Beylikd\u00fcz\u00fc Nakliyat Hizmetleri<\/a>\n\t\t\t\t\t<\/h5>\n\t\t\t\t\t\t\t\t\t\t<div class=\"is-divider\"><\/div>\n\t\t\t\t\t\t\t\t\t\t<p class=\"from_the_blog_excerpt \">\n\t\t\t\t\t\tBeylikd\u00fcz\u00fc Nakliyat Hizmetleri: Profesyonel ve G\u00fcvenilir Ta\u015f\u0131mac\u0131l\u0131k Beylikd\u00fcz\u00fc&#8217;nde ta\u015f\u0131nma s\u00fcrecinizi kolayla\u015ft\u0131racak g\u00fcvenilir [...]\t\t\t\t\t<\/p>\n\t\t\t\t\t                    \n\t\t\t\t\t\n\t\t\t\t\t\n\t\t\t\t\t<\/div>\n\t\t\t\t\t<\/div>\n\t\t\t\t\t\t\t\t\t\t\t\t\t\t\t\t<div class=\"badge absolute top post-date badge-square\">\n\t\t\t\t\t\t\t<div class=\"badge-inner\">\n\t\t\t\t\t\t\t\t<span class=\"post-date-day\">27<\/span><br>\n\t\t\t\t\t\t\t\t<span class=\"post-date-month is-xsmall\">Ara<\/span>\n\t\t\t\t\t\t\t<\/div>\n\t\t\t\t\t\t<\/div>\n\t\t\t\t\t\t\t\t\t<\/div>\n\t\t\t<\/div>\n\t\t<\/div><\/div>\n\n\n\t\t<\/div>\n\n\t\t\n<style>\n#section_1791361188 {\n  padding-top: 40px;\n  padding-bottom: 40px;\n}\n<\/style>\n\t<\/section>\n\t\n\n","protected":false},"excerpt":{"rendered":"","protected":false},"author":1,"featured_media":0,"parent":0,"menu_order":0,"comment_status":"closed","ping_status":"closed","template":"page-transparent-header-light.php","meta":{"footnotes":""},"class_list":["post-127","page","type-page","status-publish","hentry"],"_links":{"self":[{"href":"https:\/\/sefanakliyatbeylikduzu.com.tr\/index.php\/wp-json\/wp\/v2\/pages\/127","targetHints":{"allow":["GET"]}}],"collection":[{"href":"https:\/\/sefanakliyatbeylikduzu.com.tr\/index.php\/wp-json\/wp\/v2\/pages"}],"about":[{"href":"https:\/\/sefanakliyatbeylikduzu.com.tr\/index.php\/wp-json\/wp\/v2\/types\/page"}],"author":[{"embeddable":true,"href":"https:\/\/sefanakliyatbeylikduzu.com.tr\/index.php\/wp-json\/wp\/v2\/users\/1"}],"replies":[{"embeddable":true,"href":"https:\/\/sefanakliyatbeylikduzu.com.tr\/index.php\/wp-json\/wp\/v2\/comments?post=127"}],"version-history":[{"count":4,"href":"https:\/\/sefanakliyatbeylikduzu.com.tr\/index.php\/wp-json\/wp\/v2\/pages\/127\/revisions"}],"predecessor-version":[{"id":133,"href":"https:\/\/sefanakliyatbeylikduzu.com.tr\/index.php\/wp-json\/wp\/v2\/pages\/127\/revisions\/133"}],"wp:attachment":[{"href":"https:\/\/sefanakliyatbeylikduzu.com.tr\/index.php\/wp-json\/wp\/v2\/media?parent=127"}],"curies":[{"name":"wp","href":"https:\/\/api.w.org\/{rel}","templated":true}]}}