{"id":89,"date":"2024-12-27T22:51:47","date_gmt":"2024-12-27T22:51:47","guid":{"rendered":"https:\/\/sefanakliyatbeylikduzu.com.tr\/?page_id=89"},"modified":"2024-12-27T23:05:18","modified_gmt":"2024-12-27T23:05:18","slug":"iletisim","status":"publish","type":"page","link":"https:\/\/sefanakliyatbeylikduzu.com.tr\/index.php\/iletisim\/","title":{"rendered":"\u0130leti\u015fim"},"content":{"rendered":"\n  <div id=\"page-header-205081123\" class=\"page-header-wrapper\">\n  <div class=\"page-title dark featured-title\">\n\n        <div class=\"page-title-bg\">\n      <div class=\"title-bg fill bg-fill\"\n        data-parallax-container=\".page-title\"\n        data-parallax-background\n        data-parallax=\"-\">\n      <\/div>\n      <div class=\"title-overlay fill\"><\/div>\n    <\/div>\n    \n    <div class=\"page-title-inner container align-center text-center flex-row-col medium-flex-wrap\" >\n              <div class=\"title-wrapper flex-col\">\n          <h1 class=\"entry-title mb-0\">\n            \u0130leti\u015fim          <\/h1>\n        <\/div>\n                    <div class=\"title-content flex-col\">\n        <div class=\"title-breadcrumbs pb-half pt-half\"><\/div>      <\/div>\n    <\/div>\n\n     \n<style>\n#page-header-205081123 .title-bg {\n  background-image: url(https:\/\/sefanakliyatbeylikduzu.com.tr\/wp-content\/uploads\/2024\/12\/Gurpinar-Nakliye-Hizmetleri.jpg);\n}\n#page-header-205081123 .title-overlay {\n  background-color: rgba(3, 89, 164, 0.75);\n}\n<\/style>\n  <\/div>\n    <\/div>\n  \n\n\n\t<section class=\"section\" id=\"section_193402151\">\n\t\t<div class=\"section-bg fill\" >\n\t\t\t\t\t\t\t\t\t\n\t\t\t\n\n\t\t<\/div>\n\n\t\t\n\n\t\t<div class=\"section-content relative\">\n\t\t\t\n\n<div class=\"row row-small\"  id=\"row-1017196515\">\n\n\n\t<div id=\"col-1773698988\" class=\"col medium-6 small-12 large-6\"  data-animate=\"fadeInLeft\">\n\t\t\t\t<div class=\"col-inner\"  >\n\t\t\t\n\t\t\t\n\n<div class=\"container section-title-container\" ><h2 class=\"section-title section-title-normal\"><b><\/b><span class=\"section-title-main\" style=\"font-size:85%;\">\u0130leti\u015fim Bilgileri<\/span><b><\/b><\/h2><\/div>\n\n\n\t\t<div class=\"icon-box featured-box icon-box-left text-left\"  >\n\t\t\t\t\t<div class=\"icon-box-img has-icon-bg\" style=\"width: 60px\">\n\t\t\t\t<div class=\"icon\">\n\t\t\t\t\t<div class=\"icon-inner\" style=\"border-width:2px;\">\n\t\t\t\t\t\t<svg xmlns=\"http:\/\/www.w3.org\/2000\/svg\" viewBox=\"0 0 24 24\" fill=\"currentColor\"><path d=\"M12 20.8995L16.9497 15.9497C19.6834 13.2161 19.6834 8.78392 16.9497 6.05025C14.2161 3.31658 9.78392 3.31658 7.05025 6.05025C4.31658 8.78392 4.31658 13.2161 7.05025 15.9497L12 20.8995ZM12 23.7279L5.63604 17.364C2.12132 13.8492 2.12132 8.15076 5.63604 4.63604C9.15076 1.12132 14.8492 1.12132 18.364 4.63604C21.8787 8.15076 21.8787 13.8492 18.364 17.364L12 23.7279ZM12 13C13.1046 13 14 12.1046 14 11C14 9.89543 13.1046 9 12 9C10.8954 9 10 9.89543 10 11C10 12.1046 10.8954 13 12 13ZM12 15C9.79086 15 8 13.2091 8 11C8 8.79086 9.79086 7 12 7C14.2091 7 16 8.79086 16 11C16 13.2091 14.2091 15 12 15Z\"><\/path><\/svg>\t\t\t\t\t<\/div>\n\t\t\t\t<\/div>\n\t\t\t<\/div>\n\t\t\t\t<div class=\"icon-box-text last-reset\">\n\t\t\t\t\t\t\t\t\t\n\n<h2>Adres:<\/h2>\n<p>Beylikd\u00fcz\u00fc\/Kavakl\u0131<\/p>\n\n\t\t<\/div>\n\t<\/div>\n\t\n\t\n\t<div id=\"gap-847271804\" class=\"gap-element clearfix\" style=\"display:block; height:auto;\">\n\t\t\n<style>\n#gap-847271804 {\n  padding-top: 15px;\n}\n<\/style>\n\t<\/div>\n\t\n\n\n\t<a class=\"plain\" href=\"tel:+90%20(545)%20439%2004%2081\" target=\"_blank\" rel=\"noopener\" >\t<div class=\"icon-box featured-box icon-box-left text-left\"  >\n\t\t\t\t\t<div class=\"icon-box-img has-icon-bg\" style=\"width: 60px\">\n\t\t\t\t<div class=\"icon\">\n\t\t\t\t\t<div class=\"icon-inner\" style=\"border-width:2px;\">\n\t\t\t\t\t\t<svg xmlns=\"http:\/\/www.w3.org\/2000\/svg\" viewBox=\"0 0 24 24\" fill=\"currentColor\"><path d=\"M9.36556 10.6821C10.302 12.3288 11.6712 13.698 13.3179 14.6344L14.2024 13.3961C14.4965 12.9845 15.0516 12.8573 15.4956 13.0998C16.9024 13.8683 18.4571 14.3353 20.0789 14.4637C20.599 14.5049 21 14.9389 21 15.4606V19.9234C21 20.4361 20.6122 20.8657 20.1022 20.9181C19.5723 20.9726 19.0377 21 18.5 21C9.93959 21 3 14.0604 3 5.5C3 4.96227 3.02742 4.42771 3.08189 3.89776C3.1343 3.38775 3.56394 3 4.07665 3H8.53942C9.0611 3 9.49513 3.40104 9.5363 3.92109C9.66467 5.54288 10.1317 7.09764 10.9002 8.50444C11.1427 8.9484 11.0155 9.50354 10.6039 9.79757L9.36556 10.6821ZM6.84425 10.0252L8.7442 8.66809C8.20547 7.50514 7.83628 6.27183 7.64727 5H5.00907C5.00303 5.16632 5 5.333 5 5.5C5 12.9558 11.0442 19 18.5 19C18.667 19 18.8337 18.997 19 18.9909V16.3527C17.7282 16.1637 16.4949 15.7945 15.3319 15.2558L13.9748 17.1558C13.4258 16.9425 12.8956 16.6915 12.3874 16.4061L12.3293 16.373C10.3697 15.2587 8.74134 13.6303 7.627 11.6707L7.59394 11.6126C7.30849 11.1044 7.05754 10.5742 6.84425 10.0252Z\"><\/path><\/svg>\t\t\t\t\t<\/div>\n\t\t\t\t<\/div>\n\t\t\t<\/div>\n\t\t\t\t<div class=\"icon-box-text last-reset\">\n\t\t\t\t\t\t\t\t\t\n\n<h2>Telefon:<\/h2>\n<p>+90 (545) 439 04 81<\/p>\n\n\t\t<\/div>\n\t<\/div>\n\t<\/a>\n\t\n\t<div id=\"gap-119159892\" class=\"gap-element clearfix\" style=\"display:block; height:auto;\">\n\t\t\n<style>\n#gap-119159892 {\n  padding-top: 15px;\n}\n<\/style>\n\t<\/div>\n\t\n\n\n\t<a class=\"plain\" href=\"mailto:info@sefanakliyatbeylikduzu.com.tr\" target=\"_blank\" rel=\"noopener\" >\t<div class=\"icon-box featured-box icon-box-left text-left\"  >\n\t\t\t\t\t<div class=\"icon-box-img has-icon-bg\" style=\"width: 60px\">\n\t\t\t\t<div class=\"icon\">\n\t\t\t\t\t<div class=\"icon-inner\" style=\"border-width:2px;\">\n\t\t\t\t\t\t<svg xmlns=\"http:\/\/www.w3.org\/2000\/svg\" viewBox=\"0 0 24 24\" fill=\"currentColor\"><path d=\"M3 3H21C21.5523 3 22 3.44772 22 4V20C22 20.5523 21.5523 21 21 21H3C2.44772 21 2 20.5523 2 20V4C2 3.44772 2.44772 3 3 3ZM20 7.23792L12.0718 14.338L4 7.21594V19H20V7.23792ZM4.51146 5L12.0619 11.662L19.501 5H4.51146Z\"><\/path><\/svg>\t\t\t\t\t<\/div>\n\t\t\t\t<\/div>\n\t\t\t<\/div>\n\t\t\t\t<div class=\"icon-box-text last-reset\">\n\t\t\t\t\t\t\t\t\t\n\n<h2>E-Posta:<\/h2>\n<p>info@sefanakliyatbeylikduzu.com.tr<\/p>\n\n\t\t<\/div>\n\t<\/div>\n\t<\/a>\n\t\n\n\t\t<\/div>\n\t\t\t\t\t<\/div>\n\n\t\n\n\t<div id=\"col-159517842\" class=\"col medium-6 small-12 large-6\"  data-animate=\"fadeInRight\">\n\t\t\t\t<div class=\"col-inner\"  >\n\t\t\t\n\t\t\t\n\n<div class=\"container section-title-container\" ><h2 class=\"section-title section-title-normal\"><b><\/b><span class=\"section-title-main\" style=\"font-size:85%;\">\u0130leti\u015fim Formu<\/span><b><\/b><\/h2><\/div>\n\n<div class=\"wpforms-container wpforms-container-full wpforms-render-modern\" id=\"wpforms-99\"><form id=\"wpforms-form-99\" class=\"wpforms-validate wpforms-form wpforms-ajax-form\" data-formid=\"99\" method=\"post\" enctype=\"multipart\/form-data\" action=\"\/index.php\/wp-json\/wp\/v2\/pages\/89\" data-token=\"c35dbf777c852c9c448c10462eb3916b\" data-token-time=\"1776255502\"><noscript class=\"wpforms-error-noscript\">Bu formu bitirebilmek i\u00e7in taray\u0131c\u0131n\u0131zda JavaScript&#039;i etkinle\u015ftirin.<\/noscript><div class=\"wpforms-hidden\" id=\"wpforms-error-noscript\">Bu formu bitirebilmek i\u00e7in taray\u0131c\u0131n\u0131zda JavaScript&#039;i etkinle\u015ftirin.<\/div><div class=\"wpforms-field-container\"><div id=\"wpforms-99-field_1-container\" class=\"wpforms-field wpforms-field-name\" data-field-id=\"1\"><fieldset><legend class=\"wpforms-field-label wpforms-label-hide\" aria-hidden=\"false\">Ad\u0131 Soyad\u0131 <span class=\"wpforms-required-label\" aria-hidden=\"true\">*<\/span><\/legend><div class=\"wpforms-field-row wpforms-field-large\"><div class=\"wpforms-field-row-block wpforms-first wpforms-one-half\"><input type=\"text\" id=\"wpforms-99-field_1\" class=\"wpforms-field-name-first wpforms-field-required\" name=\"wpforms[fields][1][first]\" placeholder=\"Ad\u0131n\u0131z\" aria-errormessage=\"wpforms-99-field_1-error\" required><label for=\"wpforms-99-field_1\" class=\"wpforms-field-sublabel after wpforms-sublabel-hide\">Ad<\/label><\/div><div class=\"wpforms-field-row-block wpforms-one-half\"><input type=\"text\" id=\"wpforms-99-field_1-last\" class=\"wpforms-field-name-last wpforms-field-required\" name=\"wpforms[fields][1][last]\" placeholder=\"Soyad\u0131n\u0131z\" aria-errormessage=\"wpforms-99-field_1-last-error\" required><label for=\"wpforms-99-field_1-last\" class=\"wpforms-field-sublabel after wpforms-sublabel-hide\">Soyad<\/label><\/div><\/div><\/fieldset><\/div><div id=\"wpforms-99-field_2-container\" class=\"wpforms-field wpforms-field-email\" data-field-id=\"2\"><label class=\"wpforms-field-label wpforms-label-hide\" for=\"wpforms-99-field_2\" aria-hidden=\"false\">E-posta <span class=\"wpforms-required-label\" aria-hidden=\"true\">*<\/span><\/label><input type=\"email\" id=\"wpforms-99-field_2\" class=\"wpforms-field-large wpforms-field-required\" name=\"wpforms[fields][2]\" placeholder=\"E-Posta Adresiniz\" spellcheck=\"false\" aria-errormessage=\"wpforms-99-field_2-error\" required><\/div><div id=\"wpforms-99-field_3-container\" class=\"wpforms-field wpforms-field-textarea\" data-field-id=\"3\"><label class=\"wpforms-field-label wpforms-label-hide\" for=\"wpforms-99-field_3\" aria-hidden=\"false\">Yorum veya Mesaj<\/label><textarea id=\"wpforms-99-field_3\" class=\"wpforms-field-small\" name=\"wpforms[fields][3]\" placeholder=\"Mesaj\u0131n\u0131z\" aria-errormessage=\"wpforms-99-field_3-error\" ><\/textarea><\/div><\/div><!-- .wpforms-field-container --><div class=\"wpforms-submit-container\" ><input type=\"hidden\" name=\"wpforms[id]\" value=\"99\"><input type=\"hidden\" name=\"page_title\" value=\"\"><input type=\"hidden\" name=\"page_url\" value=\"https:\/\/sefanakliyatbeylikduzu.com.tr\/index.php\/wp-json\/wp\/v2\/pages\/89\"><button type=\"submit\" name=\"wpforms[submit]\" id=\"wpforms-submit-99\" class=\"wpforms-submit\" data-alt-text=\"G\u00f6nderiliyor...\" data-submit-text=\"G\u00f6nder\" aria-live=\"assertive\" value=\"wpforms-submit\">G\u00f6nder<\/button><img loading=\"lazy\" decoding=\"async\" src=\"https:\/\/sefanakliyatbeylikduzu.com.tr\/wp-content\/plugins\/wpforms\/assets\/images\/submit-spin.svg\" class=\"wpforms-submit-spinner\" style=\"display: none;\" width=\"26\" height=\"26\" alt=\"Y\u00fckleniyor\"><\/div><\/form><\/div>  <!-- .wpforms-container -->\n\n\n\t\t<\/div>\n\t\t\t\t\t<\/div>\n\n\t\n\n<\/div>\n\n\t\t<\/div>\n\n\t\t\n<style>\n#section_193402151 {\n  padding-top: 40px;\n  padding-bottom: 40px;\n}\n<\/style>\n\t<\/section>\n\t\n\n","protected":false},"excerpt":{"rendered":"","protected":false},"author":1,"featured_media":0,"parent":0,"menu_order":0,"comment_status":"closed","ping_status":"closed","template":"page-transparent-header-light.php","meta":{"footnotes":""},"class_list":["post-89","page","type-page","status-publish","hentry"],"_links":{"self":[{"href":"https:\/\/sefanakliyatbeylikduzu.com.tr\/index.php\/wp-json\/wp\/v2\/pages\/89","targetHints":{"allow":["GET"]}}],"collection":[{"href":"https:\/\/sefanakliyatbeylikduzu.com.tr\/index.php\/wp-json\/wp\/v2\/pages"}],"about":[{"href":"https:\/\/sefanakliyatbeylikduzu.com.tr\/index.php\/wp-json\/wp\/v2\/types\/page"}],"author":[{"embeddable":true,"href":"https:\/\/sefanakliyatbeylikduzu.com.tr\/index.php\/wp-json\/wp\/v2\/users\/1"}],"replies":[{"embeddable":true,"href":"https:\/\/sefanakliyatbeylikduzu.com.tr\/index.php\/wp-json\/wp\/v2\/comments?post=89"}],"version-history":[{"count":7,"href":"https:\/\/sefanakliyatbeylikduzu.com.tr\/index.php\/wp-json\/wp\/v2\/pages\/89\/revisions"}],"predecessor-version":[{"id":109,"href":"https:\/\/sefanakliyatbeylikduzu.com.tr\/index.php\/wp-json\/wp\/v2\/pages\/89\/revisions\/109"}],"wp:attachment":[{"href":"https:\/\/sefanakliyatbeylikduzu.com.tr\/index.php\/wp-json\/wp\/v2\/media?parent=89"}],"curies":[{"name":"wp","href":"https:\/\/api.w.org\/{rel}","templated":true}]}}